{"id":106,"date":"2023-09-12T03:57:18","date_gmt":"2023-09-12T03:57:18","guid":{"rendered":"http:\/\/192.168.1.243\/?page_id=106"},"modified":"2023-09-13T09:11:15","modified_gmt":"2023-09-13T09:11:15","slug":"festarikuvia","status":"publish","type":"page","link":"http:\/\/www.snareman.fi\/index.php\/musiikkia\/konserttikuvia\/festarikuvia\/","title":{"rendered":"Festarikuvia"},"content":{"rendered":"\n<p><strong>T\u00e4\u00e4lt\u00e4 l\u00f6yd\u00e4t keikkakuvia, festaritunnelmaa ja muita musa-aiheisia valokuvia.<\/strong><\/p>\n\n\n\nngg_shortcode_0_placeholder\n","protected":false},"excerpt":{"rendered":"<p>T\u00e4\u00e4lt\u00e4 l\u00f6yd\u00e4t keikkakuvia, festaritunnelmaa ja muita musa-aiheisia valokuvia.<\/p>\n","protected":false},"author":1,"featured_media":0,"parent":104,"menu_order":0,"comment_status":"closed","ping_status":"closed","template":"","meta":{"ngg_post_thumbnail":0,"footnotes":""},"class_list":["post-106","page","type-page","status-publish","hentry"],"_links":{"self":[{"href":"http:\/\/www.snareman.fi\/index.php\/wp-json\/wp\/v2\/pages\/106","targetHints":{"allow":["GET"]}}],"collection":[{"href":"http:\/\/www.snareman.fi\/index.php\/wp-json\/wp\/v2\/pages"}],"about":[{"href":"http:\/\/www.snareman.fi\/index.php\/wp-json\/wp\/v2\/types\/page"}],"author":[{"embeddable":true,"href":"http:\/\/www.snareman.fi\/index.php\/wp-json\/wp\/v2\/users\/1"}],"replies":[{"embeddable":true,"href":"http:\/\/www.snareman.fi\/index.php\/wp-json\/wp\/v2\/comments?post=106"}],"version-history":[{"count":2,"href":"http:\/\/www.snareman.fi\/index.php\/wp-json\/wp\/v2\/pages\/106\/revisions"}],"predecessor-version":[{"id":195,"href":"http:\/\/www.snareman.fi\/index.php\/wp-json\/wp\/v2\/pages\/106\/revisions\/195"}],"up":[{"embeddable":true,"href":"http:\/\/www.snareman.fi\/index.php\/wp-json\/wp\/v2\/pages\/104"}],"wp:attachment":[{"href":"http:\/\/www.snareman.fi\/index.php\/wp-json\/wp\/v2\/media?parent=106"}],"curies":[{"name":"wp","href":"https:\/\/api.w.org\/{rel}","templated":true}]}}