{"id":120,"date":"2023-09-12T04:04:09","date_gmt":"2023-09-12T04:04:09","guid":{"rendered":"http:\/\/192.168.1.243\/?page_id=120"},"modified":"2023-09-14T17:28:26","modified_gmt":"2023-09-14T17:28:26","slug":"royal-albert-hall","status":"publish","type":"page","link":"http:\/\/www.snareman.fi\/index.php\/musiikkia\/konserttikuvia\/royal-albert-hall\/","title":{"rendered":"Royal Albert Hall"},"content":{"rendered":"\n<p><strong>Lontoo 5.3.2019<\/strong><\/p>\n\n\n\n<p>Lontoon matkalla p\u00e4\u00e4sin vierailemaan yhdess\u00e4 legendaarisimmist\u00e4 konserttisaleista, eli Lontoon Royal Albert Hallissa. Valitettavasti kyseisen\u00e4 ajankohtana ei ollut konserttia tarjolla, mutta kohde on sen verran mielenkiintoinen ett\u00e4 vierailu sinne kannattaa tehd\u00e4 muutenkin.<\/p>\n\n\n\n<p>Royal Albert Hall l\u00f6ytyy osoitteesta: Kensington Gore, South Kensington, London SW7 2AP, Yhdistynyt kuningaskunta. Rakennus sijaitsee puistoalueen reunalla, eli Hyde Parkin tai tarkemmin sanottuna Kensington Gardensin etel\u00e4n puoleisella reunalla. Esimerkiksi Oxford Streetilt\u00e4 on sinne ihan kohtuullinen k\u00e4velymatka.<\/p>\n\n\n\n<p>Kyseess\u00e4 ei ole pelk\u00e4st\u00e4\u00e4n konserttisali, vaan se on tapahtuma-paikka. Konserttien lis\u00e4ksi siell\u00e4 on j\u00e4rjestetty muun muassa erilaisia n\u00e4yttelyit\u00e4, muoti-esityksi\u00e4, gaala-iltoja ja my\u00f6s urheilua, kuten tennis-otteluita ja painikilpailuita. J\u00e4lkimm\u00e4isen osalta voi vain kuvitella kuinka salin hyv\u00e4 akustiikka lis\u00e4\u00e4 painin intensiteetti\u00e4 lehtereille saakka.<br>Itse Kohteessa toimii kahvila\/ravintola, joka on avoinna p\u00e4ivisin ja jossa voi k\u00e4yd\u00e4 fiilistelem\u00e4ss\u00e4 paikan tunnelmaa. Jos haluaa n\u00e4hd\u00e4 itse salin ja muuta rakennusta, pit\u00e4\u00e4 ostaa lippu opastettuun kiertok\u00e4ynnille. Se kyll\u00e4 kannattaa. Reilun tunnin mittaisella kiertok\u00e4ynnill\u00e4 n\u00e4et paljon ja kuulet oppaan kertomana historiaa ja milenkiintoisia yksityiskohtia.<\/p>\n\n\n\n<figure class=\"wp-block-image size-large\"><img loading=\"lazy\" decoding=\"async\" width=\"1024\" height=\"576\" src=\"http:\/\/192.168.1.243\/wp-content\/uploads\/2023\/09\/royal_1-1024x576.jpg\" alt=\"\" class=\"wp-image-351\" srcset=\"http:\/\/www.snareman.fi\/wp-content\/uploads\/2023\/09\/royal_1-1024x576.jpg 1024w, http:\/\/www.snareman.fi\/wp-content\/uploads\/2023\/09\/royal_1-300x169.jpg 300w, http:\/\/www.snareman.fi\/wp-content\/uploads\/2023\/09\/royal_1-768x432.jpg 768w, http:\/\/www.snareman.fi\/wp-content\/uploads\/2023\/09\/royal_1-1536x864.jpg 1536w, http:\/\/www.snareman.fi\/wp-content\/uploads\/2023\/09\/royal_1-2048x1152.jpg 2048w, http:\/\/www.snareman.fi\/wp-content\/uploads\/2023\/09\/royal_1-990x556.jpg 990w, http:\/\/www.snareman.fi\/wp-content\/uploads\/2023\/09\/royal_1-1920x1080.jpg 1920w\" sizes=\"auto, (max-width: 1024px) 100vw, 1024px\" \/><\/figure>\n\n\n\n<figure class=\"wp-block-image size-large\"><img loading=\"lazy\" decoding=\"async\" width=\"1024\" height=\"576\" src=\"http:\/\/192.168.1.243\/wp-content\/uploads\/2023\/09\/royal_2-1024x576.jpg\" alt=\"\" class=\"wp-image-352\" srcset=\"http:\/\/www.snareman.fi\/wp-content\/uploads\/2023\/09\/royal_2-1024x576.jpg 1024w, http:\/\/www.snareman.fi\/wp-content\/uploads\/2023\/09\/royal_2-300x169.jpg 300w, http:\/\/www.snareman.fi\/wp-content\/uploads\/2023\/09\/royal_2-768x432.jpg 768w, http:\/\/www.snareman.fi\/wp-content\/uploads\/2023\/09\/royal_2-1536x864.jpg 1536w, http:\/\/www.snareman.fi\/wp-content\/uploads\/2023\/09\/royal_2-2048x1152.jpg 2048w, http:\/\/www.snareman.fi\/wp-content\/uploads\/2023\/09\/royal_2-990x556.jpg 990w, http:\/\/www.snareman.fi\/wp-content\/uploads\/2023\/09\/royal_2-1920x1080.jpg 1920w\" sizes=\"auto, (max-width: 1024px) 100vw, 1024px\" \/><\/figure>\n\n\n\n<figure class=\"wp-block-image size-large\"><img loading=\"lazy\" decoding=\"async\" width=\"1024\" height=\"576\" src=\"http:\/\/192.168.1.243\/wp-content\/uploads\/2023\/09\/royal_3-1024x576.jpg\" alt=\"\" class=\"wp-image-353\" srcset=\"http:\/\/www.snareman.fi\/wp-content\/uploads\/2023\/09\/royal_3-1024x576.jpg 1024w, http:\/\/www.snareman.fi\/wp-content\/uploads\/2023\/09\/royal_3-300x169.jpg 300w, http:\/\/www.snareman.fi\/wp-content\/uploads\/2023\/09\/royal_3-768x432.jpg 768w, http:\/\/www.snareman.fi\/wp-content\/uploads\/2023\/09\/royal_3-1536x864.jpg 1536w, http:\/\/www.snareman.fi\/wp-content\/uploads\/2023\/09\/royal_3-2048x1152.jpg 2048w, http:\/\/www.snareman.fi\/wp-content\/uploads\/2023\/09\/royal_3-990x556.jpg 990w, http:\/\/www.snareman.fi\/wp-content\/uploads\/2023\/09\/royal_3-1920x1080.jpg 1920w\" sizes=\"auto, (max-width: 1024px) 100vw, 1024px\" \/><\/figure>\n\n\n\n<figure class=\"wp-block-image size-large\"><img loading=\"lazy\" decoding=\"async\" width=\"576\" height=\"1024\" src=\"http:\/\/192.168.1.243\/wp-content\/uploads\/2023\/09\/royal_4-576x1024.jpg\" alt=\"\" class=\"wp-image-354\" srcset=\"http:\/\/www.snareman.fi\/wp-content\/uploads\/2023\/09\/royal_4-576x1024.jpg 576w, http:\/\/www.snareman.fi\/wp-content\/uploads\/2023\/09\/royal_4-169x300.jpg 169w, http:\/\/www.snareman.fi\/wp-content\/uploads\/2023\/09\/royal_4-768x1365.jpg 768w, http:\/\/www.snareman.fi\/wp-content\/uploads\/2023\/09\/royal_4-864x1536.jpg 864w, http:\/\/www.snareman.fi\/wp-content\/uploads\/2023\/09\/royal_4-1152x2048.jpg 1152w, http:\/\/www.snareman.fi\/wp-content\/uploads\/2023\/09\/royal_4-rotated.jpg 1440w\" sizes=\"auto, (max-width: 576px) 100vw, 576px\" \/><\/figure>\n\n\n\n<figure class=\"wp-block-image size-large\"><img loading=\"lazy\" decoding=\"async\" width=\"576\" height=\"1024\" src=\"http:\/\/192.168.1.243\/wp-content\/uploads\/2023\/09\/royal_5-576x1024.jpg\" alt=\"\" class=\"wp-image-355\" srcset=\"http:\/\/www.snareman.fi\/wp-content\/uploads\/2023\/09\/royal_5-576x1024.jpg 576w, http:\/\/www.snareman.fi\/wp-content\/uploads\/2023\/09\/royal_5-169x300.jpg 169w, http:\/\/www.snareman.fi\/wp-content\/uploads\/2023\/09\/royal_5-768x1365.jpg 768w, http:\/\/www.snareman.fi\/wp-content\/uploads\/2023\/09\/royal_5-864x1536.jpg 864w, http:\/\/www.snareman.fi\/wp-content\/uploads\/2023\/09\/royal_5-1152x2048.jpg 1152w, http:\/\/www.snareman.fi\/wp-content\/uploads\/2023\/09\/royal_5-rotated.jpg 1440w\" sizes=\"auto, (max-width: 576px) 100vw, 576px\" \/><\/figure>\n\n\n\n<figure class=\"wp-block-image size-large\"><img loading=\"lazy\" decoding=\"async\" width=\"1024\" height=\"576\" src=\"http:\/\/192.168.1.243\/wp-content\/uploads\/2023\/09\/royal_6-1024x576.jpg\" alt=\"\" class=\"wp-image-356\" srcset=\"http:\/\/www.snareman.fi\/wp-content\/uploads\/2023\/09\/royal_6-1024x576.jpg 1024w, http:\/\/www.snareman.fi\/wp-content\/uploads\/2023\/09\/royal_6-300x169.jpg 300w, http:\/\/www.snareman.fi\/wp-content\/uploads\/2023\/09\/royal_6-768x432.jpg 768w, http:\/\/www.snareman.fi\/wp-content\/uploads\/2023\/09\/royal_6-1536x864.jpg 1536w, http:\/\/www.snareman.fi\/wp-content\/uploads\/2023\/09\/royal_6-2048x1152.jpg 2048w, http:\/\/www.snareman.fi\/wp-content\/uploads\/2023\/09\/royal_6-990x556.jpg 990w, http:\/\/www.snareman.fi\/wp-content\/uploads\/2023\/09\/royal_6-1920x1080.jpg 1920w\" sizes=\"auto, (max-width: 1024px) 100vw, 1024px\" \/><\/figure>\n\n\n\n<figure class=\"wp-block-image size-large\"><img loading=\"lazy\" decoding=\"async\" width=\"576\" height=\"1024\" src=\"http:\/\/192.168.1.243\/wp-content\/uploads\/2023\/09\/royal_8-576x1024.jpg\" alt=\"\" class=\"wp-image-357\" srcset=\"http:\/\/www.snareman.fi\/wp-content\/uploads\/2023\/09\/royal_8-576x1024.jpg 576w, http:\/\/www.snareman.fi\/wp-content\/uploads\/2023\/09\/royal_8-169x300.jpg 169w, http:\/\/www.snareman.fi\/wp-content\/uploads\/2023\/09\/royal_8-768x1365.jpg 768w, http:\/\/www.snareman.fi\/wp-content\/uploads\/2023\/09\/royal_8-864x1536.jpg 864w, http:\/\/www.snareman.fi\/wp-content\/uploads\/2023\/09\/royal_8-1152x2048.jpg 1152w, http:\/\/www.snareman.fi\/wp-content\/uploads\/2023\/09\/royal_8-rotated.jpg 1440w\" sizes=\"auto, (max-width: 576px) 100vw, 576px\" \/><\/figure>\n\n\n\n<figure class=\"wp-block-image size-large\"><img loading=\"lazy\" decoding=\"async\" width=\"576\" height=\"1024\" src=\"http:\/\/192.168.1.243\/wp-content\/uploads\/2023\/09\/royal_9-576x1024.jpg\" alt=\"\" class=\"wp-image-358\" srcset=\"http:\/\/www.snareman.fi\/wp-content\/uploads\/2023\/09\/royal_9-576x1024.jpg 576w, http:\/\/www.snareman.fi\/wp-content\/uploads\/2023\/09\/royal_9-169x300.jpg 169w, http:\/\/www.snareman.fi\/wp-content\/uploads\/2023\/09\/royal_9-768x1365.jpg 768w, http:\/\/www.snareman.fi\/wp-content\/uploads\/2023\/09\/royal_9-864x1536.jpg 864w, http:\/\/www.snareman.fi\/wp-content\/uploads\/2023\/09\/royal_9-1152x2048.jpg 1152w, http:\/\/www.snareman.fi\/wp-content\/uploads\/2023\/09\/royal_9-rotated.jpg 1440w\" sizes=\"auto, (max-width: 576px) 100vw, 576px\" \/><\/figure>\n\n\n\n<figure class=\"wp-block-image size-large\"><img loading=\"lazy\" decoding=\"async\" width=\"1024\" height=\"576\" src=\"http:\/\/192.168.1.243\/wp-content\/uploads\/2023\/09\/Royal_Albert_Hall_-_Central_View_169-1024x576.jpg\" alt=\"\" class=\"wp-image-372\" srcset=\"http:\/\/www.snareman.fi\/wp-content\/uploads\/2023\/09\/Royal_Albert_Hall_-_Central_View_169-1024x576.jpg 1024w, http:\/\/www.snareman.fi\/wp-content\/uploads\/2023\/09\/Royal_Albert_Hall_-_Central_View_169-300x169.jpg 300w, http:\/\/www.snareman.fi\/wp-content\/uploads\/2023\/09\/Royal_Albert_Hall_-_Central_View_169-768x432.jpg 768w, http:\/\/www.snareman.fi\/wp-content\/uploads\/2023\/09\/Royal_Albert_Hall_-_Central_View_169-1536x864.jpg 1536w, http:\/\/www.snareman.fi\/wp-content\/uploads\/2023\/09\/Royal_Albert_Hall_-_Central_View_169-990x556.jpg 990w, http:\/\/www.snareman.fi\/wp-content\/uploads\/2023\/09\/Royal_Albert_Hall_-_Central_View_169.jpg 1920w\" sizes=\"auto, (max-width: 1024px) 100vw, 1024px\" \/><\/figure>\n\n\n\n<figure class=\"wp-block-image size-large\"><img loading=\"lazy\" decoding=\"async\" width=\"1024\" height=\"576\" src=\"http:\/\/192.168.1.243\/wp-content\/uploads\/2023\/09\/royal_10-1024x576.jpg\" alt=\"\" class=\"wp-image-359\" srcset=\"http:\/\/www.snareman.fi\/wp-content\/uploads\/2023\/09\/royal_10-1024x576.jpg 1024w, http:\/\/www.snareman.fi\/wp-content\/uploads\/2023\/09\/royal_10-300x169.jpg 300w, http:\/\/www.snareman.fi\/wp-content\/uploads\/2023\/09\/royal_10-768x432.jpg 768w, http:\/\/www.snareman.fi\/wp-content\/uploads\/2023\/09\/royal_10-1536x864.jpg 1536w, http:\/\/www.snareman.fi\/wp-content\/uploads\/2023\/09\/royal_10-2048x1152.jpg 2048w, http:\/\/www.snareman.fi\/wp-content\/uploads\/2023\/09\/royal_10-990x556.jpg 990w, http:\/\/www.snareman.fi\/wp-content\/uploads\/2023\/09\/royal_10-1920x1080.jpg 1920w\" sizes=\"auto, (max-width: 1024px) 100vw, 1024px\" \/><\/figure>\n\n\n\n<figure class=\"wp-block-image size-large\"><img loading=\"lazy\" decoding=\"async\" width=\"1024\" height=\"576\" src=\"http:\/\/192.168.1.243\/wp-content\/uploads\/2023\/09\/royal_11-1024x576.jpg\" alt=\"\" class=\"wp-image-360\" srcset=\"http:\/\/www.snareman.fi\/wp-content\/uploads\/2023\/09\/royal_11-1024x576.jpg 1024w, http:\/\/www.snareman.fi\/wp-content\/uploads\/2023\/09\/royal_11-300x169.jpg 300w, http:\/\/www.snareman.fi\/wp-content\/uploads\/2023\/09\/royal_11-768x432.jpg 768w, http:\/\/www.snareman.fi\/wp-content\/uploads\/2023\/09\/royal_11-1536x864.jpg 1536w, http:\/\/www.snareman.fi\/wp-content\/uploads\/2023\/09\/royal_11-2048x1152.jpg 2048w, http:\/\/www.snareman.fi\/wp-content\/uploads\/2023\/09\/royal_11-990x556.jpg 990w, http:\/\/www.snareman.fi\/wp-content\/uploads\/2023\/09\/royal_11-1920x1080.jpg 1920w\" sizes=\"auto, (max-width: 1024px) 100vw, 1024px\" \/><\/figure>\n\n\n\n<figure class=\"wp-block-image size-large\"><img loading=\"lazy\" decoding=\"async\" width=\"1024\" height=\"576\" src=\"http:\/\/192.168.1.243\/wp-content\/uploads\/2023\/09\/royal_12-1024x576.jpg\" alt=\"\" class=\"wp-image-361\" srcset=\"http:\/\/www.snareman.fi\/wp-content\/uploads\/2023\/09\/royal_12-1024x576.jpg 1024w, http:\/\/www.snareman.fi\/wp-content\/uploads\/2023\/09\/royal_12-300x169.jpg 300w, http:\/\/www.snareman.fi\/wp-content\/uploads\/2023\/09\/royal_12-768x432.jpg 768w, http:\/\/www.snareman.fi\/wp-content\/uploads\/2023\/09\/royal_12-1536x864.jpg 1536w, http:\/\/www.snareman.fi\/wp-content\/uploads\/2023\/09\/royal_12-2048x1152.jpg 2048w, http:\/\/www.snareman.fi\/wp-content\/uploads\/2023\/09\/royal_12-990x556.jpg 990w, http:\/\/www.snareman.fi\/wp-content\/uploads\/2023\/09\/royal_12-1920x1080.jpg 1920w\" sizes=\"auto, (max-width: 1024px) 100vw, 1024px\" \/><\/figure>\n\n\n\n<figure class=\"wp-block-image size-large\"><img loading=\"lazy\" decoding=\"async\" width=\"1024\" height=\"576\" src=\"http:\/\/192.168.1.243\/wp-content\/uploads\/2023\/09\/royal_13-1024x576.jpg\" alt=\"\" class=\"wp-image-362\" srcset=\"http:\/\/www.snareman.fi\/wp-content\/uploads\/2023\/09\/royal_13-1024x576.jpg 1024w, http:\/\/www.snareman.fi\/wp-content\/uploads\/2023\/09\/royal_13-300x169.jpg 300w, http:\/\/www.snareman.fi\/wp-content\/uploads\/2023\/09\/royal_13-768x432.jpg 768w, http:\/\/www.snareman.fi\/wp-content\/uploads\/2023\/09\/royal_13-1536x864.jpg 1536w, http:\/\/www.snareman.fi\/wp-content\/uploads\/2023\/09\/royal_13-2048x1152.jpg 2048w, http:\/\/www.snareman.fi\/wp-content\/uploads\/2023\/09\/royal_13-990x556.jpg 990w, http:\/\/www.snareman.fi\/wp-content\/uploads\/2023\/09\/royal_13-1920x1080.jpg 1920w\" sizes=\"auto, (max-width: 1024px) 100vw, 1024px\" \/><\/figure>\n\n\n\n<figure class=\"wp-block-image size-large\"><img loading=\"lazy\" decoding=\"async\" width=\"1024\" height=\"576\" src=\"http:\/\/192.168.1.243\/wp-content\/uploads\/2023\/09\/royal_14-1024x576.jpg\" alt=\"\" class=\"wp-image-363\" srcset=\"http:\/\/www.snareman.fi\/wp-content\/uploads\/2023\/09\/royal_14-1024x576.jpg 1024w, http:\/\/www.snareman.fi\/wp-content\/uploads\/2023\/09\/royal_14-300x169.jpg 300w, http:\/\/www.snareman.fi\/wp-content\/uploads\/2023\/09\/royal_14-768x432.jpg 768w, http:\/\/www.snareman.fi\/wp-content\/uploads\/2023\/09\/royal_14-1536x864.jpg 1536w, http:\/\/www.snareman.fi\/wp-content\/uploads\/2023\/09\/royal_14-2048x1152.jpg 2048w, http:\/\/www.snareman.fi\/wp-content\/uploads\/2023\/09\/royal_14-990x556.jpg 990w, http:\/\/www.snareman.fi\/wp-content\/uploads\/2023\/09\/royal_14-1920x1080.jpg 1920w\" sizes=\"auto, (max-width: 1024px) 100vw, 1024px\" \/><\/figure>\n\n\n\n<figure class=\"wp-block-image size-large\"><img loading=\"lazy\" decoding=\"async\" width=\"1024\" height=\"576\" src=\"http:\/\/192.168.1.243\/wp-content\/uploads\/2023\/09\/royal_15-1024x576.jpg\" alt=\"\" class=\"wp-image-364\" srcset=\"http:\/\/www.snareman.fi\/wp-content\/uploads\/2023\/09\/royal_15-1024x576.jpg 1024w, http:\/\/www.snareman.fi\/wp-content\/uploads\/2023\/09\/royal_15-300x169.jpg 300w, http:\/\/www.snareman.fi\/wp-content\/uploads\/2023\/09\/royal_15-768x432.jpg 768w, http:\/\/www.snareman.fi\/wp-content\/uploads\/2023\/09\/royal_15-1536x864.jpg 1536w, http:\/\/www.snareman.fi\/wp-content\/uploads\/2023\/09\/royal_15-2048x1152.jpg 2048w, http:\/\/www.snareman.fi\/wp-content\/uploads\/2023\/09\/royal_15-990x556.jpg 990w, http:\/\/www.snareman.fi\/wp-content\/uploads\/2023\/09\/royal_15-1920x1080.jpg 1920w\" sizes=\"auto, (max-width: 1024px) 100vw, 1024px\" \/><\/figure>\n\n\n\n<figure class=\"wp-block-image size-large\"><img loading=\"lazy\" decoding=\"async\" width=\"1024\" height=\"576\" src=\"http:\/\/192.168.1.243\/wp-content\/uploads\/2023\/09\/royal_16-1024x576.jpg\" alt=\"\" class=\"wp-image-365\" srcset=\"http:\/\/www.snareman.fi\/wp-content\/uploads\/2023\/09\/royal_16-1024x576.jpg 1024w, http:\/\/www.snareman.fi\/wp-content\/uploads\/2023\/09\/royal_16-300x169.jpg 300w, http:\/\/www.snareman.fi\/wp-content\/uploads\/2023\/09\/royal_16-768x432.jpg 768w, http:\/\/www.snareman.fi\/wp-content\/uploads\/2023\/09\/royal_16-1536x864.jpg 1536w, http:\/\/www.snareman.fi\/wp-content\/uploads\/2023\/09\/royal_16-2048x1152.jpg 2048w, http:\/\/www.snareman.fi\/wp-content\/uploads\/2023\/09\/royal_16-990x556.jpg 990w, http:\/\/www.snareman.fi\/wp-content\/uploads\/2023\/09\/royal_16-1920x1080.jpg 1920w\" sizes=\"auto, (max-width: 1024px) 100vw, 1024px\" \/><\/figure>\n\n\n\n<figure class=\"wp-block-image size-large\"><img loading=\"lazy\" decoding=\"async\" width=\"1024\" height=\"576\" src=\"http:\/\/192.168.1.243\/wp-content\/uploads\/2023\/09\/royal_17-1024x576.jpg\" alt=\"\" class=\"wp-image-366\" srcset=\"http:\/\/www.snareman.fi\/wp-content\/uploads\/2023\/09\/royal_17-1024x576.jpg 1024w, http:\/\/www.snareman.fi\/wp-content\/uploads\/2023\/09\/royal_17-300x169.jpg 300w, http:\/\/www.snareman.fi\/wp-content\/uploads\/2023\/09\/royal_17-768x432.jpg 768w, http:\/\/www.snareman.fi\/wp-content\/uploads\/2023\/09\/royal_17-1536x864.jpg 1536w, http:\/\/www.snareman.fi\/wp-content\/uploads\/2023\/09\/royal_17-2048x1152.jpg 2048w, http:\/\/www.snareman.fi\/wp-content\/uploads\/2023\/09\/royal_17-990x556.jpg 990w, http:\/\/www.snareman.fi\/wp-content\/uploads\/2023\/09\/royal_17-1920x1080.jpg 1920w\" sizes=\"auto, (max-width: 1024px) 100vw, 1024px\" \/><\/figure>\n\n\n\n<figure class=\"wp-block-image size-large\"><img loading=\"lazy\" decoding=\"async\" width=\"1024\" height=\"576\" src=\"http:\/\/192.168.1.243\/wp-content\/uploads\/2023\/09\/royal_18-1024x576.jpg\" alt=\"\" class=\"wp-image-367\" srcset=\"http:\/\/www.snareman.fi\/wp-content\/uploads\/2023\/09\/royal_18-1024x576.jpg 1024w, http:\/\/www.snareman.fi\/wp-content\/uploads\/2023\/09\/royal_18-300x169.jpg 300w, http:\/\/www.snareman.fi\/wp-content\/uploads\/2023\/09\/royal_18-768x432.jpg 768w, http:\/\/www.snareman.fi\/wp-content\/uploads\/2023\/09\/royal_18-1536x864.jpg 1536w, http:\/\/www.snareman.fi\/wp-content\/uploads\/2023\/09\/royal_18-2048x1152.jpg 2048w, http:\/\/www.snareman.fi\/wp-content\/uploads\/2023\/09\/royal_18-990x556.jpg 990w, http:\/\/www.snareman.fi\/wp-content\/uploads\/2023\/09\/royal_18-1920x1080.jpg 1920w\" sizes=\"auto, (max-width: 1024px) 100vw, 1024px\" \/><\/figure>\n\n\n\n<figure class=\"wp-block-image size-large\"><img loading=\"lazy\" decoding=\"async\" width=\"1024\" height=\"576\" src=\"http:\/\/192.168.1.243\/wp-content\/uploads\/2023\/09\/royal_19-1024x576.jpg\" alt=\"\" class=\"wp-image-368\" srcset=\"http:\/\/www.snareman.fi\/wp-content\/uploads\/2023\/09\/royal_19-1024x576.jpg 1024w, http:\/\/www.snareman.fi\/wp-content\/uploads\/2023\/09\/royal_19-300x169.jpg 300w, http:\/\/www.snareman.fi\/wp-content\/uploads\/2023\/09\/royal_19-768x432.jpg 768w, http:\/\/www.snareman.fi\/wp-content\/uploads\/2023\/09\/royal_19-1536x864.jpg 1536w, http:\/\/www.snareman.fi\/wp-content\/uploads\/2023\/09\/royal_19-2048x1152.jpg 2048w, http:\/\/www.snareman.fi\/wp-content\/uploads\/2023\/09\/royal_19-990x556.jpg 990w, http:\/\/www.snareman.fi\/wp-content\/uploads\/2023\/09\/royal_19-1920x1080.jpg 1920w\" sizes=\"auto, (max-width: 1024px) 100vw, 1024px\" \/><\/figure>\n\n\n\n<figure class=\"wp-block-image size-large\"><img loading=\"lazy\" decoding=\"async\" width=\"1024\" height=\"576\" src=\"http:\/\/192.168.1.243\/wp-content\/uploads\/2023\/09\/royal_20-1024x576.jpg\" alt=\"\" class=\"wp-image-369\" srcset=\"http:\/\/www.snareman.fi\/wp-content\/uploads\/2023\/09\/royal_20-1024x576.jpg 1024w, http:\/\/www.snareman.fi\/wp-content\/uploads\/2023\/09\/royal_20-300x169.jpg 300w, http:\/\/www.snareman.fi\/wp-content\/uploads\/2023\/09\/royal_20-768x432.jpg 768w, http:\/\/www.snareman.fi\/wp-content\/uploads\/2023\/09\/royal_20-1536x864.jpg 1536w, http:\/\/www.snareman.fi\/wp-content\/uploads\/2023\/09\/royal_20-2048x1152.jpg 2048w, http:\/\/www.snareman.fi\/wp-content\/uploads\/2023\/09\/royal_20-990x556.jpg 990w, http:\/\/www.snareman.fi\/wp-content\/uploads\/2023\/09\/royal_20-1920x1080.jpg 1920w\" sizes=\"auto, (max-width: 1024px) 100vw, 1024px\" \/><\/figure>\n\n\n\n<figure class=\"wp-block-image size-large\"><img loading=\"lazy\" decoding=\"async\" width=\"576\" height=\"1024\" src=\"http:\/\/192.168.1.243\/wp-content\/uploads\/2023\/09\/royal_21-576x1024.jpg\" alt=\"\" class=\"wp-image-370\" srcset=\"http:\/\/www.snareman.fi\/wp-content\/uploads\/2023\/09\/royal_21-576x1024.jpg 576w, http:\/\/www.snareman.fi\/wp-content\/uploads\/2023\/09\/royal_21-169x300.jpg 169w, http:\/\/www.snareman.fi\/wp-content\/uploads\/2023\/09\/royal_21-768x1365.jpg 768w, http:\/\/www.snareman.fi\/wp-content\/uploads\/2023\/09\/royal_21-864x1536.jpg 864w, http:\/\/www.snareman.fi\/wp-content\/uploads\/2023\/09\/royal_21-1152x2048.jpg 1152w, http:\/\/www.snareman.fi\/wp-content\/uploads\/2023\/09\/royal_21-rotated.jpg 1440w\" sizes=\"auto, (max-width: 576px) 100vw, 576px\" \/><\/figure>\n\n\n\n<figure class=\"wp-block-image size-large\"><img loading=\"lazy\" decoding=\"async\" width=\"1024\" height=\"576\" src=\"http:\/\/192.168.1.243\/wp-content\/uploads\/2023\/09\/royal_22-1024x576.jpg\" alt=\"\" class=\"wp-image-371\" srcset=\"http:\/\/www.snareman.fi\/wp-content\/uploads\/2023\/09\/royal_22-1024x576.jpg 1024w, http:\/\/www.snareman.fi\/wp-content\/uploads\/2023\/09\/royal_22-300x169.jpg 300w, http:\/\/www.snareman.fi\/wp-content\/uploads\/2023\/09\/royal_22-768x432.jpg 768w, http:\/\/www.snareman.fi\/wp-content\/uploads\/2023\/09\/royal_22-1536x864.jpg 1536w, http:\/\/www.snareman.fi\/wp-content\/uploads\/2023\/09\/royal_22-2048x1152.jpg 2048w, http:\/\/www.snareman.fi\/wp-content\/uploads\/2023\/09\/royal_22-990x556.jpg 990w, http:\/\/www.snareman.fi\/wp-content\/uploads\/2023\/09\/royal_22-1920x1080.jpg 1920w\" sizes=\"auto, (max-width: 1024px) 100vw, 1024px\" \/><\/figure>\n","protected":false},"excerpt":{"rendered":"<p>Lontoo 5.3.2019 Lontoon matkalla p\u00e4\u00e4sin vierailemaan yhdess\u00e4 legendaarisimmist\u00e4 konserttisaleista, eli Lontoon Royal Albert Hallissa. Valitettavasti kyseisen\u00e4 ajankohtana ei ollut konserttia tarjolla, mutta kohde on sen verran mielenkiintoinen ett\u00e4 vierailu sinne <a class=\"read-more-link\" href=\"http:\/\/www.snareman.fi\/index.php\/musiikkia\/konserttikuvia\/royal-albert-hall\/\">Read More<\/a><\/p>\n","protected":false},"author":1,"featured_media":0,"parent":104,"menu_order":7,"comment_status":"closed","ping_status":"closed","template":"","meta":{"ngg_post_thumbnail":0,"footnotes":""},"class_list":["post-120","page","type-page","status-publish","hentry"],"_links":{"self":[{"href":"http:\/\/www.snareman.fi\/index.php\/wp-json\/wp\/v2\/pages\/120","targetHints":{"allow":["GET"]}}],"collection":[{"href":"http:\/\/www.snareman.fi\/index.php\/wp-json\/wp\/v2\/pages"}],"about":[{"href":"http:\/\/www.snareman.fi\/index.php\/wp-json\/wp\/v2\/types\/page"}],"author":[{"embeddable":true,"href":"http:\/\/www.snareman.fi\/index.php\/wp-json\/wp\/v2\/users\/1"}],"replies":[{"embeddable":true,"href":"http:\/\/www.snareman.fi\/index.php\/wp-json\/wp\/v2\/comments?post=120"}],"version-history":[{"count":2,"href":"http:\/\/www.snareman.fi\/index.php\/wp-json\/wp\/v2\/pages\/120\/revisions"}],"predecessor-version":[{"id":374,"href":"http:\/\/www.snareman.fi\/index.php\/wp-json\/wp\/v2\/pages\/120\/revisions\/374"}],"up":[{"embeddable":true,"href":"http:\/\/www.snareman.fi\/index.php\/wp-json\/wp\/v2\/pages\/104"}],"wp:attachment":[{"href":"http:\/\/www.snareman.fi\/index.php\/wp-json\/wp\/v2\/media?parent=120"}],"curies":[{"name":"wp","href":"https:\/\/api.w.org\/{rel}","templated":true}]}}