{"id":25,"date":"2023-09-09T18:02:45","date_gmt":"2023-09-09T18:02:45","guid":{"rendered":"http:\/\/192.168.1.243\/?page_id=25"},"modified":"2026-01-24T06:11:47","modified_gmt":"2026-01-24T06:11:47","slug":"yleista-hifista","status":"publish","type":"page","link":"http:\/\/www.snareman.fi\/index.php\/hifi\/yleista-hifista\/","title":{"rendered":"Yleist\u00e4 HiFist\u00e4"},"content":{"rendered":"\n<p><p>Kiinnostus \u00e4\u00e4nentoistolaitteisiin alkoi samoihin aikoihin kuin kiinnostus itse musiikkiin. &nbsp;Alkuun musiikkia kuunneltiin radion v\u00e4lityksell\u00e4 ja my\u00f6hemmin C -kasettisoittimen kautta. Nauhurin sai liitetty\u00e4 kiinni vanhaan&nbsp;<a href=\"http:\/\/snareman.fi\/wordpress\/wp-content\/uploads\/2019\/12\/radio.jpg\">putkiradioon<\/a>&nbsp;jolloin \u00e4\u00e4nenlaatu parani huomattavasti kuin pelk\u00e4st\u00e4 muovisesta pikkukotelosta kuunneltuna\u2026<\/p>\n<div class='yrm-content yrm-content-1 yrm-content-hide  ' id='yrm-QAj9l' data-id='1' data-show-status='false' data-after-action='' style=\"visibility: hidden;height: 0;\">\n\t\t\t<div id='yrm-inner-content-yrm-QAj9l' class='yrm-inner-content-wrapper yrm-cntent-1'><\/p>\n\n\n\n<p>Ensimm\u00e4iset stereot sain joskus 70 -luvun lopulla. Merkki oli Philips ja kyseess\u00e4 oli sellainen joka kodin iso yhdistelm\u00e4laite jossa oli radio, vahvistin ja kasettisoitin samassa paketissa. My\u00f6hemmin hankin viel\u00e4 samanmerkkisen vinyylisoittimenkin kaveriksi. Samoihin aikoihin tuli hankittua my\u00f6s ensimm\u00e4iset stereokuulokkeet. Ne olivat siihen aikaan hyvin suositut keltaisilla pehmusteilla varustetut Sennheiser HD-400. &nbsp;Stereolaitteet vaihtuivat my\u00f6hemmin ajan hengen mukaisesti r\u00e4kkikokoon. <\/p>\n\n\n\n<p>Ensimm\u00e4inen hankinta \u2013 jota voi sanoa askeleeksi parempaan \u00e4\u00e4nentoistoon \u2013 oli vuonna 1987 kun ostin Hifilehden vertailukaiuttiminakin toimineet&nbsp;<a style=\"color: #3366ff;\" href=\"http:\/\/snareman.fi\/hifi\/images\/485_1.jpg\">BBX-485SBR<\/a>&nbsp;kaiuttimet, tyyppimerkilt\u00e4\u00e4n 85B. N\u00e4ille ostin virtal\u00e4hteeksi k\u00e4ytetyn&nbsp;<a style=\"color: #3366ff;\" href=\"http:\/\/www.snareman.fi\/wp-content\/uploads\/2023\/09\/pm655-2.jpg\">Harman&nbsp;Kardon PM655<\/a>&nbsp;-merkkisen integroidun vahvistimen jonka j\u00e4lkeen musiikki alkoi kuullostamaan jo varsin hyv\u00e4lt\u00e4.<\/p>\n\n\n\n<p>Kyseiset kaiuttimet olivat k\u00e4yt\u00f6ss\u00e4 aina 2000 -luvun vaihteeseen asti, &nbsp;jonka j\u00e4lkeen aloin mietti\u00e4 niiden tilalle jotain uutta. Harkinnassa oli hankkia valmiit tehdastekoiset kaiuttimet tai sitten tehd\u00e4 ne itse rakennussarjasta. P\u00e4\u00e4dyin j\u00e4lkimm\u00e4iseen vaihtoehtoon hinta -laatusuhteen vuoksi. &nbsp;Rakennussarjan tuotoksena valmistui&nbsp;<a style=\"color: #3366ff;\" href=\"http:\/\/snareman.fi\/hifi\/kokoaminen.html\">HiFi 45\/3<\/a>&nbsp;kaiuttimet, jotka olivat saman suunnittelijan Pekka Tuomelan aikaansaannoksia kuten aikaisemmatkin kaiuttimeni. Niist\u00e4 enemm\u00e4n tarinaa&nbsp;<a style=\"color: #3366ff;\" href=\"http:\/\/snareman.fi\/hifi\/\">t\u00e4\u00e4ll\u00e4.<\/a><\/p>\n\n\n\n<p>Vuonna 2006 alkoi kiinnostamaan monikanavaisuus ja silloin hankin ensimm\u00e4isen kotiteatterivahvistimen sek\u00e4 DVD -soittimen. Vahvistin oli mallia Harman\/Kardon AVR7000. Rakennutin kokonaisuuteen viel\u00e4 surround kaiuttimet jotka olivat mallia&nbsp;<a style=\"color: #3366ff;\" href=\"http:\/\/snareman.fi\/hifi\/kokoaminen2.html\">HiFi 2,5\/2<\/a>.&nbsp;&nbsp;Kotiteatterivahvistimia tuli testailtua useammanlaisia samalta merkilt\u00e4 kuten AVR7500 ja&nbsp;<a style=\"color: #3366ff;\" href=\"http:\/\/www.snareman.fi\/wp-content\/uploads\/2023\/09\/avr8500-1.jpg\">AVR8500<\/a>.<\/p>\n\n\n\n<p>Jokunen vuosi sitten innostuin ajatuksesta saada kuunteluun&nbsp;legendaariset Gradient 1.3 kaiuttimet. Olihan niit\u00e4 aikoinaan k\u00e4yty kuuntelemassa liikkeess\u00e4 ja kyll\u00e4 niist\u00e4 sellainen positiivinen muistij\u00e4lki oli j\u00e4\u00e4nyt. Myyntikanavilla niit\u00e4 n\u00e4ytti tulevan aina silloin t\u00e4ll\u00f6in vastaan viel\u00e4p\u00e4 kohtuuliseen hintaan. Sopiva pari sitten l\u00f6ytyikin ja k\u00e4vin ne paikan p\u00e4\u00e4ll\u00e4 kuuntelemassa. &nbsp;Koska ne vakuuttivat niin kaupat syntyiv\u00e4t. Olin selvitt\u00e4nyt ett\u00e4 Gradient huoltaa my\u00f6s heid\u00e4n vanhempia kaiutinmallejaan, joten ne l\u00e4htiv\u00e4t k\u00e4ym\u00e4\u00e4n Porvoossa mutkan. Kaiuttimet l\u00e4pik\u00e4ytiin, tarkistettiin ja testattiin. Keski\u00e4\u00e4nielementit jouduttiin kunnostamaan haurastuneiden ripustuksien vuoksi. Muut elementit olivat kunnossa, joten huoltokustannuksetkin pysyiv\u00e4t kohtuullisena. Vanhat kaiuttimet l\u00f6ysiv\u00e4t my\u00f6s uuden omistajan samoihin aikoihin.<\/p>\n\n\n\n<p>Monikanavaisella ratkaisulla mentiin aina syksyyn 2016, jolloin silloinen vahvistin sanoi sopimuksen irti. Sen kunnostaminen ei ollut en\u00e4\u00e4 j\u00e4rkev\u00e4\u00e4, joten uuden vahvistimen hankinta oli edess\u00e4. Siin\u00e4 vaiheessa aloinkin puntaroimaan ett\u00e4 jatkanko&nbsp;kotiteatterilla vai siirrynk\u00f6 takaisin 2 -kanavaiseen. Useamman vuoden harrastelun j\u00e4lkeenkin kuuntelusta oli yli 90% edelleen kaksikanavaista. Kohtuullisen kotiteatterivahvistimen hinnalla saisi viel\u00e4 hyv\u00e4n 2 -kanavaisen vahvistimen.<\/p>\n\n\n\n<p>Samaan aikaan kaverini&nbsp;teki remonttia kotonaan ja h\u00e4nen omat kuuntelulaitteet olivat laitettu varastoon. Tiesin ett\u00e4 ne olivat laadukkaat ja mieless\u00e4 k\u00e4vikin ett\u00e4 voisinkohan niit\u00e4 mahdollisesti k\u00e4ytt\u00e4\u00e4 kotonani ja testata kuinka ne soivat \u201dGradujen\u201d kanssa. &nbsp;T\u00e4m\u00e4h\u00e4n sopi kuvioihin oikein hyvin ja niinp\u00e4&nbsp;<a style=\"color: #3366ff;\" href=\"http:\/\/www.snareman.fi\/wp-content\/uploads\/2023\/09\/goldmund_etu-2.jpg\">Goldmund SRP<\/a>&nbsp;etuvahvistin ja&nbsp;<a style=\"color: #3366ff;\" href=\"http:\/\/www.snareman.fi\/wp-content\/uploads\/2023\/09\/anthem-mca2-1.jpg\">Anthem MCA2<\/a>&nbsp;p\u00e4\u00e4tevahvistin p\u00e4\u00e4tyiv\u00e4t tilap\u00e4isesti kuunteluhuoneeseeni.<\/p>\n\n\n\n<p>Heti ensimm\u00e4isten musiikkin\u00e4ytteiden j\u00e4lkeen oli selv\u00e4\u00e4 mik\u00e4 oli homman nimi. Kaiuttimet eiv\u00e4t olleet viel\u00e4 koskaan soineet niin hyvin. \u00a0Ne avautuivat koko \u00e4\u00e4nialaltaan, aivan kuin jokin verho olisi poistettu kaiuttimien edest\u00e4. Yl\u00e4 -ja keskialueelle tuli erottelukyky\u00e4 joten instrumentit tulivat selke\u00e4mmin esille. T\u00e4m\u00e4n my\u00f6t\u00e4 koko \u00e4\u00e4nikent\u00e4st\u00e4 tuli avarampi ja tasapainoisempi. \u00a0Laitteet olivat k\u00e4yt\u00f6ss\u00e4ni muutaman kuukauden, joten sin\u00e4 aikana oli hyv\u00e4 alkaa hankkimaan uutta laitteistoja ja k\u00e4ytt\u00e4\u00e4 niit\u00e4 referenssilaitteina.\u00a0\u00a0<a style=\"color: #3366ff;\" href=\"http:\/\/www.snareman.fi\/index.php\/hifi\/hifi-valokuvia\/\">Testilaitteita<\/a>\u00a0k\u00e4vi kuuntelussa useita erilaisia ja eri merkkisi\u00e4. Lopulta sellainen vahvistin l\u00f6ytyi jonka kelpuutin k\u00e4ytt\u00f6\u00f6ni \u2013 malli oli\u00a0<a style=\"color: #3366ff;\" href=\"http:\/\/www.snareman.fi\/wp-content\/uploads\/2023\/09\/ECI_4-2-scaled.jpg\">Electrocompaniet ECI4<\/a>.\u00a0Lis\u00e4\u00e4 tietoa laitteistani\u00a0<a style=\"color: #3366ff;\" href=\"http:\/\/www.snareman.fi\/index.php\/hifi\/nykyinen-laitteistoni\/\">t\u00e4\u00e4lt\u00e4.<\/a><\/p>\n\n\n\n<p><\/p>\n\n\n<p><\/div>\n\t\t<\/div><div class='yrm-btn-wrapper yrm-btn-wrapper-1 yrm-more-button-wrapper   yrm-tooltip'\n\t\tdata-custom-more-class-name='' data-custom-less-class-name=''><span title='Lue lis\u00e4\u00e4' data-less-title='Lue v\u00e4hemm\u00e4n' data-more-title='Lue lis\u00e4\u00e4' class='yrm-toggle-expand  yrm-toggle-expand-1 ' data-rel='yrm-QAj9l' data-more='Read more' data-less='Read less'><span class=\"yrm-tooltiptext yrm-tooltiptext-1\" id=\"yrm-myTooltip\">Klikkaa t\u00e4st\u00e4<\/span><span class='yrm-text-wrapper yrm-text-wrapper-custom-dimensions'><span class=\"yrm-button-text-1 yrm-button-text-span\">Read more<\/span><\/span><\/span><\/div><\/p>","protected":false},"excerpt":{"rendered":"<p>Kiinnostus \u00e4\u00e4nentoistolaitteisiin alkoi samoihin aikoihin kuin kiinnostus itse musiikkiin. &nbsp;Alkuun musiikkia kuunneltiin radion v\u00e4lityksell\u00e4 ja my\u00f6hemmin C -kasettisoittimen kautta. Nauhurin sai liitetty\u00e4 kiinni vanhaan&nbsp;putkiradioon&nbsp;jolloin \u00e4\u00e4nenlaatu parani huomattavasti kuin pelk\u00e4st\u00e4 muovisesta <a class=\"read-more-link\" href=\"http:\/\/www.snareman.fi\/index.php\/hifi\/yleista-hifista\/\">Read More<\/a><\/p>\n","protected":false},"author":1,"featured_media":0,"parent":18,"menu_order":0,"comment_status":"closed","ping_status":"closed","template":"","meta":{"ngg_post_thumbnail":0,"footnotes":""},"class_list":["post-25","page","type-page","status-publish","hentry"],"_links":{"self":[{"href":"http:\/\/www.snareman.fi\/index.php\/wp-json\/wp\/v2\/pages\/25","targetHints":{"allow":["GET"]}}],"collection":[{"href":"http:\/\/www.snareman.fi\/index.php\/wp-json\/wp\/v2\/pages"}],"about":[{"href":"http:\/\/www.snareman.fi\/index.php\/wp-json\/wp\/v2\/types\/page"}],"author":[{"embeddable":true,"href":"http:\/\/www.snareman.fi\/index.php\/wp-json\/wp\/v2\/users\/1"}],"replies":[{"embeddable":true,"href":"http:\/\/www.snareman.fi\/index.php\/wp-json\/wp\/v2\/comments?post=25"}],"version-history":[{"count":50,"href":"http:\/\/www.snareman.fi\/index.php\/wp-json\/wp\/v2\/pages\/25\/revisions"}],"predecessor-version":[{"id":740,"href":"http:\/\/www.snareman.fi\/index.php\/wp-json\/wp\/v2\/pages\/25\/revisions\/740"}],"up":[{"embeddable":true,"href":"http:\/\/www.snareman.fi\/index.php\/wp-json\/wp\/v2\/pages\/18"}],"wp:attachment":[{"href":"http:\/\/www.snareman.fi\/index.php\/wp-json\/wp\/v2\/media?parent=25"}],"curies":[{"name":"wp","href":"https:\/\/api.w.org\/{rel}","templated":true}]}}