{"id":27,"date":"2023-09-09T18:04:21","date_gmt":"2023-09-09T18:04:21","guid":{"rendered":"http:\/\/192.168.1.243\/?page_id=27"},"modified":"2023-10-09T10:28:57","modified_gmt":"2023-10-09T10:28:57","slug":"yleista-soittamisesta","status":"publish","type":"page","link":"http:\/\/www.snareman.fi\/index.php\/soittaminen\/yleista-soittamisesta\/","title":{"rendered":"Yleist\u00e4 soittamisesta"},"content":{"rendered":"\n<p>Kiinnostus rumpujen soittamiseen kumpusi jostakin. Huomasin vain useinmiten keskittyv\u00e4ni siihen mit\u00e4 rumpali teki biisin aikana.<\/p>\n\n\n\n<p>Kavereilla oli b\u00e4ndiviritys ja k\u00e4vin usein kuuntelemassa heid\u00e4n soitantaan. V\u00e4liajalla k\u00e4vin&nbsp;kokeileen istumista rumpusetin takana ja tapailemassa&nbsp;sielt\u00e4 jotain \u00e4\u00e4ni\u00e4. &nbsp;Se tuntui heti omalta jutulta. Kun silloinen rumpali vaihtoi instrumentin kitaraan, p\u00e4\u00e4sin kokeilemaan yhteissoittamista muiden kanssa ja p\u00e4\u00e4sin mukaan porukkaan\u2026<\/p>\n\n\n<div class='yrm-content yrm-content-1 yrm-content-hide  ' id='yrm-P0xtE' data-id='1' data-show-status='false' data-after-action='' style=\"visibility: hidden;height: 0;\">\n\t\t\t<div id='yrm-inner-content-yrm-P0xtE' class='yrm-inner-content-wrapper yrm-cntent-1'><\/p>\n\n\n<p>Soittamiseen ei ollut tarjolla mit\u00e4\u00e4n opetusta vaan ne kaikki kikat ja jutut l\u00f6ydettiin itse. Kuunneltiin alkuper\u00e4ist\u00e4 soittoa ja sit\u00e4 kautta yritt\u00e4\u00e4 ymm\u00e4rt\u00e4\u00e4&nbsp;kuinka se menee. Samoihin aikoihin aloimme kulkemaan tanssipaikoilla &nbsp;jossa p\u00e4\u00e4si n\u00e4kem\u00e4\u00e4n&nbsp;kuinka ne oikeat soittajat sen homman tekev\u00e4t.<\/p>\n\n\n\n<p>Ensimm\u00e4inen todella kovan luokan rumpali jota p\u00e4\u00e4sin n\u00e4kem\u00e4\u00e4n oli&nbsp;<a style=\"color: #3366ff;\" href=\"http:\/\/www.snareman.fi\/wp-content\/uploads\/2023\/09\/gillan2.jpg\">Mick Underwood<\/a>. &nbsp;H\u00e4n toimi silloisen&nbsp;<a style=\"color: #3366ff;\" href=\"http:\/\/www.snareman.fi\/wp-content\/uploads\/2023\/09\/Gillan.jpg\">Ian Gillan<\/a>&nbsp;B\u00e4ndin rumpalina joka saapui kiertueellaan Himangan Urheilutalolle. Silloin elettiin vuotta 1981. Keikka oli maailmanluokan meininki\u00e4 ja lavalla oli tavaraa riitt\u00e4v\u00e4sti aina Marshall sein\u00e4st\u00e4 l\u00e4htien. &nbsp;Rumpalin setti oli kokoluokkaa suunnaton viel\u00e4 t\u00e4m\u00e4nkin p\u00e4iv\u00e4n mittapuulla katsottuna. Pelk\u00e4n huikean soittannan lis\u00e4ksi mukaan kuului kapuloilla jongl\u00f6\u00f6r\u00e4yst\u00e4 ja niiden heitt\u00e4mist\u00e4 yleis\u00f6n joukkoon.<\/p>\n\n\n\n<p>Soittoharrastus jatkui omalla paikkakunnalla useita vuosia, mutta hiipui sitten perinteisist\u00e4 syist\u00e4. &nbsp;80 -luvun puolessa v\u00e4liss\u00e4 p\u00e4\u00e4sin soittamaan kaverin b\u00e4ndiin. Muutamia keikkojakin heitettiin ja demonauhojakin tehtiin. Meno oli nousujohteista ja muilla soittajilla riitti paloa&nbsp;katsoa mihin se johtaa. Omalta osalta opiskelut veiv\u00e4t sen verran aikaa ett\u00e4 katsoin parhaaksi lopettaa soittamisen. Muu b\u00e4ndi jatkoi uuden rumpalinsa kanssa pidemm\u00e4lle keikkaillen ymp\u00e4ri suomea ja tehden yhden levynkin.<\/p>\n\n\n\n<p>Sitten oli pitki\u00e4 taukoja soittamisessa. Ei ollut oikein soittopaikkaakaan tarjolla. Jonkin verran k\u00e4vin pahimmat tuskat paukuttelemassa silloisen ty\u00f6nantajani varastolla. Soittimista ei onneksi tullut luovuttua miss\u00e4\u00e4n vaiheessa.<\/p>\n\n\n\n<p>Kiinnostus s\u00e4hk\u00f6rumpuihin her\u00e4si. Ajatus soittamiseta kotiolosuhteissa kiinnosti, kuin my\u00f6s se ett\u00e4 mit\u00e4&nbsp;niill\u00e4 voi tehd\u00e4&nbsp;tietokoneen kanssa.&nbsp; Soittaminen lis\u00e4\u00e4ntyi huomattavasti kun pystyin tekem\u00e4\u00e4n sit\u00e4 kotiolosuhteissa. Soittamaan oli helppo menn\u00e4, sen kun k\u00e4veli piharakennukseen, laittoi musiikkia kuulokkeisiin ja hypp\u00e4si menoon mukaan. Illan h\u00e4m\u00e4riss\u00e4 kun meni soittamaan saattoi olla huoleti ett\u00e4 naapuritkaan eiv\u00e4t siit\u00e4 h\u00e4iriintyisi.<\/p>\n\n\n\n<p>Soittaminen on pysynyt edelleen harrastuksena. Ty\u00f6paikan harrastusb\u00e4ndiss\u00e4 soitellaan omaksi ja v\u00e4lill\u00e4 toisenkin iloksi. Satunnaisia keikkoja \u2013 kuten firman pikkujoulut \u2013 pit\u00e4\u00e4 homman mukavan tavoitteellisena.<\/p>\n\n\n\n<p>Rumpulaitteita on kertynyt vuosien varrella enemm\u00e4n ja v\u00e4hemm\u00e4n. Niist\u00e4 on tunnetusti niin vaikeaa luopua. T\u00e4ll\u00e4 hetkell\u00e4 niist\u00e4 saisi kasattua kolmenlaiset eri setit.<\/p>\n\n\n\n<p>Rumpalit jotka ovat olleet er\u00e4\u00e4nlaisia esikuvia itselleni ovat Neil Peart,&nbsp;<a style=\"color: #3366ff;\" href=\"http:\/\/www.snareman.fi\/wp-content\/uploads\/2023\/09\/Mark2.jpg\">Mark Brzezicki<\/a>&nbsp;ja Simon Phillips. Kaikki herrat on tullut n\u00e4hty\u00e4 my\u00f6s liven\u00e4 \u2013 osa useammankin kerran.<\/p>\n\n\n<p><\/div>\n\t\t<\/div><div class='yrm-btn-wrapper yrm-btn-wrapper-1 yrm-more-button-wrapper   yrm-tooltip'\n\t\tdata-custom-more-class-name='' data-custom-less-class-name=''><span title='Lue lis\u00e4\u00e4' data-less-title='Lue v\u00e4hemm\u00e4n' data-more-title='Lue lis\u00e4\u00e4' class='yrm-toggle-expand  yrm-toggle-expand-1 ' data-rel='yrm-P0xtE' data-more='Read more' data-less='Read less'><span class=\"yrm-tooltiptext yrm-tooltiptext-1\" id=\"yrm-myTooltip\">Klikkaa t\u00e4st\u00e4<\/span><span class='yrm-text-wrapper yrm-text-wrapper-custom-dimensions'><span class=\"yrm-button-text-1 yrm-button-text-span\">Read more<\/span><\/span><\/span><\/div>","protected":false},"excerpt":{"rendered":"<p>Kiinnostus rumpujen soittamiseen kumpusi jostakin. Huomasin vain useinmiten keskittyv\u00e4ni siihen mit\u00e4 rumpali teki biisin aikana. Kavereilla oli b\u00e4ndiviritys ja k\u00e4vin usein kuuntelemassa heid\u00e4n soitantaan. V\u00e4liajalla k\u00e4vin&nbsp;kokeileen istumista rumpusetin takana ja <a class=\"read-more-link\" href=\"http:\/\/www.snareman.fi\/index.php\/soittaminen\/yleista-soittamisesta\/\">Read More<\/a><\/p>\n","protected":false},"author":1,"featured_media":0,"parent":21,"menu_order":0,"comment_status":"closed","ping_status":"closed","template":"","meta":{"ngg_post_thumbnail":0,"footnotes":""},"class_list":["post-27","page","type-page","status-publish","hentry"],"_links":{"self":[{"href":"http:\/\/www.snareman.fi\/index.php\/wp-json\/wp\/v2\/pages\/27","targetHints":{"allow":["GET"]}}],"collection":[{"href":"http:\/\/www.snareman.fi\/index.php\/wp-json\/wp\/v2\/pages"}],"about":[{"href":"http:\/\/www.snareman.fi\/index.php\/wp-json\/wp\/v2\/types\/page"}],"author":[{"embeddable":true,"href":"http:\/\/www.snareman.fi\/index.php\/wp-json\/wp\/v2\/users\/1"}],"replies":[{"embeddable":true,"href":"http:\/\/www.snareman.fi\/index.php\/wp-json\/wp\/v2\/comments?post=27"}],"version-history":[{"count":8,"href":"http:\/\/www.snareman.fi\/index.php\/wp-json\/wp\/v2\/pages\/27\/revisions"}],"predecessor-version":[{"id":642,"href":"http:\/\/www.snareman.fi\/index.php\/wp-json\/wp\/v2\/pages\/27\/revisions\/642"}],"up":[{"embeddable":true,"href":"http:\/\/www.snareman.fi\/index.php\/wp-json\/wp\/v2\/pages\/21"}],"wp:attachment":[{"href":"http:\/\/www.snareman.fi\/index.php\/wp-json\/wp\/v2\/media?parent=27"}],"curies":[{"name":"wp","href":"https:\/\/api.w.org\/{rel}","templated":true}]}}