{"id":29,"date":"2023-09-09T18:05:17","date_gmt":"2023-09-09T18:05:17","guid":{"rendered":"http:\/\/192.168.1.243\/?page_id=29"},"modified":"2023-10-09T10:29:16","modified_gmt":"2023-10-09T10:29:16","slug":"yleista-musiikista","status":"publish","type":"page","link":"http:\/\/www.snareman.fi\/index.php\/musiikkia\/yleista-musiikista\/","title":{"rendered":"Yleist\u00e4 musiikista"},"content":{"rendered":"\n<p>Ensimm\u00e4inen b\u00e4ndi jonka olen n\u00e4hnyt liven\u00e4 oli&nbsp;<a href=\"https:\/\/youtu.be\/Ww1vvn574FA\">Ronski ja Exotic<\/a>. Elettiin vuotta 1976 ja&nbsp; esiintymispaikkana&nbsp;<strong><a style=\"color: #3366ff;\" rel=\"noreferrer noopener\" href=\"https:\/\/youtu.be\/WzDqFjn9d-0\" target=\"_blank\"><em>Ypp\u00e4rin Merimaja<\/em><\/a>.<\/strong>&nbsp;Matala ja pieni esiintymislava, yleis\u00f6 pakkautunut lavan eteen. Salissa kova meno jota jykev\u00e4t PA -laitteet tahdistivat. Muistan viel\u00e4kin sen fiiliksen\u2026<\/p>\n\n\n<div class='yrm-content yrm-content-1 yrm-content-hide  ' id='yrm-5gmtN' data-id='1' data-show-status='false' data-after-action='' style=\"visibility: hidden;height: 0;\">\n\t\t\t<div id='yrm-inner-content-yrm-5gmtN' class='yrm-inner-content-wrapper yrm-cntent-1'><\/p>\n\n\n<p>T\u00e4m\u00e4n j\u00e4lkeen keikkakokemuksia alkoi kerty\u00e4 tasaiseen tahtiin kun kierreltiin l\u00e4hialueen tanssipaikkoja. Kotimaisista b\u00e4ndeist\u00e4 joita siihen aikaa oli pinnalla mm. Juice, Sleepy Sleepers, Mikko Alatalo, Eppu Normaali, Maukka Perusj\u00e4tk\u00e4, Pelle Miljoona, Paul Oxleys Unit, Broadcast jne\u2026<\/p>\n\n\n\n<p>Ensimm\u00e4inen ulkomainen esiintyj\u00e4 joka tuli n\u00e4hty\u00e4 liven\u00e4 oli Australialainen Jon English vuonna 1982 joka esiintyi Himangan Urheilutalolla. Vuoden sis\u00e4\u00e4n samassa paikassa esiintyi my\u00f6s&nbsp;<a style=\"color: #3366ff;\" href=\"http:\/\/www.snareman.fi\/wp-content\/uploads\/2023\/09\/Gillan.jpg\">Ian&nbsp;Gillan&nbsp;<\/a>-b\u00e4ndeineen sek\u00e4 Classic Nouveaux.<\/p>\n\n\n\n<p>Ensimm\u00e4isill\u00e4 rock-festivaaleilla tuli k\u00e4yty\u00e4 Sein\u00e4joen&nbsp;<a style=\"color: #3366ff;\" href=\"http:\/\/www.snareman.fi\/wp-content\/uploads\/2023\/09\/Provinssi86.jpg\">Provinssirockissa<\/a>&nbsp;vuonna 1986. Silloin paikalle veti kovassa nosteessa ollut Big Country. Samalla festivaalilla n\u00e4htiin my\u00f6s thePogues ja the Cult. Provinssissa tuli k\u00e4yty\u00e4 muutamana vuotena sen j\u00e4lkeenkin ja ainakin Fine Young Cannibals, Gary Moore ja Suzanne Vega j\u00e4iv\u00e4t mieleen.<\/p>\n\n\n\n<p>Seuraava festivaalikokemus tuli Oulun&nbsp;<a style=\"color: #3366ff;\" href=\"http:\/\/www.snareman.fi\/wp-content\/uploads\/2023\/09\/Kuusrock87.jpg\">Kuusrockista<\/a>&nbsp;1988 jossa tuli n\u00e4hty\u00e4 mm. Stevie Ray Voughan ja Mary Coughlan ja hieman my\u00f6hemmin mm. the Triffids.<\/p>\n\n\n\n<p>Pihtiputaan&nbsp;<a style=\"color: #3366ff;\" href=\"http:\/\/www.snareman.fi\/wp-content\/uploads\/2023\/09\/Saapas1.jpg\">Saapasjalkarock<\/a>&nbsp;1987, sinne tuli l\u00e4hdetty\u00e4 erityisesti the Nits -b\u00e4ndin vuoksi. B\u00e4ndin musa upposi hyvin my\u00f6s liven\u00e4 ja j\u00e4tti sellaisen kiinnostuksen ett\u00e4 se k\u00e4ytiin katsomassa usealla keikalla sen j\u00e4lkeenkin mm. Oulun Cafe Adamissa, Tampere Talossa, Turun Svensk Teaterissa ja festarikeikalla Turun Ruisrockissa. Seuraavan vuoden Saapasjalkarockissa saatiin uusinta kun Big Country oli siell\u00e4 p\u00e4\u00e4esiintyj\u00e4n\u00e4.<\/p>\n\n\n\n<p>Ruisrock -festivaalit ajoittuivat vuosille 1995 \u2013 2002. Siell\u00e4 tuli n\u00e4hty\u00e4 sellaisia itselle t\u00e4rkeit\u00e4 b\u00e4ndej\u00e4 kuin Bryan Adams, the Beautiful South, Jackson Browne, Bo Kaspers Orkester, Simple Minds, Iron Maiden, David Bowie, Nick Cave, Pretenders, ZZ Top, Blur ja Pulp\u2026<\/p>\n\n\n\n<p>Oulun Qstock -festivaaleilla on tullut k\u00e4yty\u00e4 sen perustamisesta l\u00e4htien eli vuodesta 2003. Hyv\u00e4 osallistumisaste&nbsp;johtunee kotikaupungista ja sen tuomista logistisista eduista. Perinne jatkuu yh\u00e4\u2026<\/p>\n\n\n\n<p>Merkitt\u00e4vimm\u00e4t yksitt\u00e4iskeikat ovat olleet the Eagles Pariisin Bercy -areenalla 1996. Toto Helsingin j\u00e4\u00e4hallissa 1996. &nbsp;Rush Tukholman Globenissa 2004. &nbsp;Roger Waters Hartwall Areenalla 2002. Genesis Helsingin Olympiastadionilla 2007. &nbsp;Peter Gabriel Hartwall Areenalla 2014 ja&nbsp;<a style=\"color: #3366ff;\" href=\"https:\/\/sites.google.com\/site\/cameltour2003\/home\">Camel&nbsp;Madridissa Macumba&nbsp;-Clubilla 2003<\/a>&nbsp;josta l\u00f6ytyy kuvamateriaaliakin&nbsp;<a style=\"color: #3366ff;\" href=\"https:\/\/sites.google.com\/site\/cameltour2003\/home\">t\u00e4\u00e4lt\u00e4<\/a>.<\/p>\n\n\n\n<p>Luettelo n\u00e4hdyist\u00e4 keikoistani l\u00f6ytyy t\u00e4\u00e4lt\u00e4&nbsp;<a style=\"color: #3366ff;\" href=\"http:\/\/snareman.fi\/keikat\/\">t\u00e4\u00e4lt\u00e4<\/a>.<\/p>\n\n\n<p><\/div>\n\t\t<\/div><div class='yrm-btn-wrapper yrm-btn-wrapper-1 yrm-more-button-wrapper   yrm-tooltip'\n\t\tdata-custom-more-class-name='' data-custom-less-class-name=''><span title='Lue lis\u00e4\u00e4' data-less-title='Lue v\u00e4hemm\u00e4n' data-more-title='Lue lis\u00e4\u00e4' class='yrm-toggle-expand  yrm-toggle-expand-1 ' data-rel='yrm-5gmtN' data-more='Read more' data-less='Read less'><span class=\"yrm-tooltiptext yrm-tooltiptext-1\" id=\"yrm-myTooltip\">Klikkaa t\u00e4st\u00e4<\/span><span class='yrm-text-wrapper yrm-text-wrapper-custom-dimensions'><span class=\"yrm-button-text-1 yrm-button-text-span\">Read more<\/span><\/span><\/span><\/div>","protected":false},"excerpt":{"rendered":"<p>Ensimm\u00e4inen b\u00e4ndi jonka olen n\u00e4hnyt liven\u00e4 oli&nbsp;Ronski ja Exotic. Elettiin vuotta 1976 ja&nbsp; esiintymispaikkana&nbsp;Ypp\u00e4rin Merimaja.&nbsp;Matala ja pieni esiintymislava, yleis\u00f6 pakkautunut lavan eteen. Salissa kova meno jota jykev\u00e4t PA -laitteet tahdistivat. <a class=\"read-more-link\" href=\"http:\/\/www.snareman.fi\/index.php\/musiikkia\/yleista-musiikista\/\">Read More<\/a><\/p>\n","protected":false},"author":1,"featured_media":0,"parent":23,"menu_order":0,"comment_status":"closed","ping_status":"closed","template":"","meta":{"ngg_post_thumbnail":0,"footnotes":""},"class_list":["post-29","page","type-page","status-publish","hentry"],"_links":{"self":[{"href":"http:\/\/www.snareman.fi\/index.php\/wp-json\/wp\/v2\/pages\/29","targetHints":{"allow":["GET"]}}],"collection":[{"href":"http:\/\/www.snareman.fi\/index.php\/wp-json\/wp\/v2\/pages"}],"about":[{"href":"http:\/\/www.snareman.fi\/index.php\/wp-json\/wp\/v2\/types\/page"}],"author":[{"embeddable":true,"href":"http:\/\/www.snareman.fi\/index.php\/wp-json\/wp\/v2\/users\/1"}],"replies":[{"embeddable":true,"href":"http:\/\/www.snareman.fi\/index.php\/wp-json\/wp\/v2\/comments?post=29"}],"version-history":[{"count":8,"href":"http:\/\/www.snareman.fi\/index.php\/wp-json\/wp\/v2\/pages\/29\/revisions"}],"predecessor-version":[{"id":643,"href":"http:\/\/www.snareman.fi\/index.php\/wp-json\/wp\/v2\/pages\/29\/revisions\/643"}],"up":[{"embeddable":true,"href":"http:\/\/www.snareman.fi\/index.php\/wp-json\/wp\/v2\/pages\/23"}],"wp:attachment":[{"href":"http:\/\/www.snareman.fi\/index.php\/wp-json\/wp\/v2\/media?parent=29"}],"curies":[{"name":"wp","href":"https:\/\/api.w.org\/{rel}","templated":true}]}}