{"id":88,"date":"2023-09-12T03:43:30","date_gmt":"2023-09-12T03:43:30","guid":{"rendered":"http:\/\/192.168.1.243\/?page_id=88"},"modified":"2023-09-15T12:30:32","modified_gmt":"2023-09-15T12:30:32","slug":"akustiikkaa","status":"publish","type":"page","link":"http:\/\/www.snareman.fi\/index.php\/hifi\/akustiikkaa\/","title":{"rendered":"Akustiikkaa"},"content":{"rendered":"\n<p>T\u00e4\u00e4lt\u00e4 l\u00f6yd\u00e4t linkit artikkeleihin  <span style=\"color: #3366ff;\"> <a style=\"color: #3366ff;\" href=\"http:\/\/www.snareman.fi\/index.php\/2018\/11\/11\/kuunteluhuoneen-suunnittelu-ja-toteutus\/\">kuunteluhuoneen<\/a><\/span> suunnittelusta ja sen&nbsp; <span style=\"color: #3366ff;\"> <a style=\"color: #3366ff;\" href=\"http:\/\/www.snareman.fi\/index.php\/2018\/11\/11\/akustiikkamittauksia\/\">mittaustuloksista<\/a>.<\/span><\/p>\n","protected":false},"excerpt":{"rendered":"<p>T\u00e4\u00e4lt\u00e4 l\u00f6yd\u00e4t linkit artikkeleihin kuunteluhuoneen suunnittelusta ja sen&nbsp; mittaustuloksista.<\/p>\n","protected":false},"author":1,"featured_media":0,"parent":18,"menu_order":2,"comment_status":"closed","ping_status":"closed","template":"","meta":{"ngg_post_thumbnail":0,"footnotes":""},"class_list":["post-88","page","type-page","status-publish","hentry"],"_links":{"self":[{"href":"http:\/\/www.snareman.fi\/index.php\/wp-json\/wp\/v2\/pages\/88","targetHints":{"allow":["GET"]}}],"collection":[{"href":"http:\/\/www.snareman.fi\/index.php\/wp-json\/wp\/v2\/pages"}],"about":[{"href":"http:\/\/www.snareman.fi\/index.php\/wp-json\/wp\/v2\/types\/page"}],"author":[{"embeddable":true,"href":"http:\/\/www.snareman.fi\/index.php\/wp-json\/wp\/v2\/users\/1"}],"replies":[{"embeddable":true,"href":"http:\/\/www.snareman.fi\/index.php\/wp-json\/wp\/v2\/comments?post=88"}],"version-history":[{"count":8,"href":"http:\/\/www.snareman.fi\/index.php\/wp-json\/wp\/v2\/pages\/88\/revisions"}],"predecessor-version":[{"id":472,"href":"http:\/\/www.snareman.fi\/index.php\/wp-json\/wp\/v2\/pages\/88\/revisions\/472"}],"up":[{"embeddable":true,"href":"http:\/\/www.snareman.fi\/index.php\/wp-json\/wp\/v2\/pages\/18"}],"wp:attachment":[{"href":"http:\/\/www.snareman.fi\/index.php\/wp-json\/wp\/v2\/media?parent=88"}],"curies":[{"name":"wp","href":"https:\/\/api.w.org\/{rel}","templated":true}]}}