{"id":94,"date":"2023-09-12T03:47:35","date_gmt":"2023-09-12T03:47:35","guid":{"rendered":"http:\/\/192.168.1.243\/?page_id=94"},"modified":"2023-09-15T10:58:23","modified_gmt":"2023-09-15T10:58:23","slug":"hifi-kaiutinrakennussarja","status":"publish","type":"page","link":"http:\/\/www.snareman.fi\/index.php\/hifi\/hifi-kaiutinrakennussarja\/","title":{"rendered":"HiFi \u2013 kaiutinrakennussarja"},"content":{"rendered":"\n<p>T\u00e4\u00e4lt\u00e4 p\u00e4\u00e4set tutustumaan muutamaan rakennussarjaan.<\/p>\n\n\n\n<p>Kaiuttimet perustuvat Hi-Fi -rakennussarjan ohjeisiin.&nbsp;<a style=\"color: #3366ff;\" href=\"http:\/\/snareman.fi\/hifi\">Klikkaa&nbsp;t\u00e4st\u00e4<\/a><\/p>\n","protected":false},"excerpt":{"rendered":"<p>T\u00e4\u00e4lt\u00e4 p\u00e4\u00e4set tutustumaan muutamaan rakennussarjaan. Kaiuttimet perustuvat Hi-Fi -rakennussarjan ohjeisiin.&nbsp;Klikkaa&nbsp;t\u00e4st\u00e4<\/p>\n","protected":false},"author":1,"featured_media":0,"parent":18,"menu_order":4,"comment_status":"closed","ping_status":"closed","template":"","meta":{"ngg_post_thumbnail":0,"footnotes":""},"class_list":["post-94","page","type-page","status-publish","hentry"],"_links":{"self":[{"href":"http:\/\/www.snareman.fi\/index.php\/wp-json\/wp\/v2\/pages\/94","targetHints":{"allow":["GET"]}}],"collection":[{"href":"http:\/\/www.snareman.fi\/index.php\/wp-json\/wp\/v2\/pages"}],"about":[{"href":"http:\/\/www.snareman.fi\/index.php\/wp-json\/wp\/v2\/types\/page"}],"author":[{"embeddable":true,"href":"http:\/\/www.snareman.fi\/index.php\/wp-json\/wp\/v2\/users\/1"}],"replies":[{"embeddable":true,"href":"http:\/\/www.snareman.fi\/index.php\/wp-json\/wp\/v2\/comments?post=94"}],"version-history":[{"count":2,"href":"http:\/\/www.snareman.fi\/index.php\/wp-json\/wp\/v2\/pages\/94\/revisions"}],"predecessor-version":[{"id":441,"href":"http:\/\/www.snareman.fi\/index.php\/wp-json\/wp\/v2\/pages\/94\/revisions\/441"}],"up":[{"embeddable":true,"href":"http:\/\/www.snareman.fi\/index.php\/wp-json\/wp\/v2\/pages\/18"}],"wp:attachment":[{"href":"http:\/\/www.snareman.fi\/index.php\/wp-json\/wp\/v2\/media?parent=94"}],"curies":[{"name":"wp","href":"https:\/\/api.w.org\/{rel}","templated":true}]}}