{"id":98,"date":"2023-09-12T03:52:34","date_gmt":"2023-09-12T03:52:34","guid":{"rendered":"http:\/\/192.168.1.243\/?page_id=98"},"modified":"2025-08-06T09:17:37","modified_gmt":"2025-08-06T09:17:37","slug":"sahkorummut","status":"publish","type":"page","link":"http:\/\/www.snareman.fi\/index.php\/soittaminen\/sahkorummut\/","title":{"rendered":"S\u00e4hk\u00f6rummut"},"content":{"rendered":"\n<h2 class=\"wp-block-heading has-text-align-center\">Roland<\/h2>\n\n\n\n<p class=\"has-text-align-center\">S\u00e4hk\u00f6rumpusetti koostuu mesh -kalvollisista tomeista: PD-85 (3kpl) ja virveli PD-105<\/p>\n\n\n\n<figure class=\"wp-block-image size-large\"><img loading=\"lazy\" decoding=\"async\" width=\"1024\" height=\"577\" src=\"http:\/\/192.168.1.243\/wp-content\/uploads\/2023\/09\/roland-1-1024x577.jpg\" alt=\"\" class=\"wp-image-259\" srcset=\"http:\/\/www.snareman.fi\/wp-content\/uploads\/2023\/09\/roland-1-1024x577.jpg 1024w, http:\/\/www.snareman.fi\/wp-content\/uploads\/2023\/09\/roland-1-300x169.jpg 300w, http:\/\/www.snareman.fi\/wp-content\/uploads\/2023\/09\/roland-1-768x433.jpg 768w, http:\/\/www.snareman.fi\/wp-content\/uploads\/2023\/09\/roland-1.jpg 1278w\" sizes=\"auto, (max-width: 1024px) 100vw, 1024px\" \/><\/figure>\n\n\n\n<p class=\"has-text-align-center\">Keskusyksikk\u00f6 on Roland TD-9 (ver.2.0).<\/p>\n\n\n\n<figure class=\"wp-block-image size-large\"><img loading=\"lazy\" decoding=\"async\" width=\"1024\" height=\"577\" src=\"http:\/\/192.168.1.243\/wp-content\/uploads\/2023\/09\/roland-4-1024x577.jpg\" alt=\"\" class=\"wp-image-264\" srcset=\"http:\/\/www.snareman.fi\/wp-content\/uploads\/2023\/09\/roland-4-1024x577.jpg 1024w, http:\/\/www.snareman.fi\/wp-content\/uploads\/2023\/09\/roland-4-300x169.jpg 300w, http:\/\/www.snareman.fi\/wp-content\/uploads\/2023\/09\/roland-4-768x433.jpg 768w, http:\/\/www.snareman.fi\/wp-content\/uploads\/2023\/09\/roland-4.jpg 1278w\" sizes=\"auto, (max-width: 1024px) 100vw, 1024px\" \/><\/figure>\n\n\n\n<p class=\"has-text-align-center\">Hihat: CY-5+FD-8&nbsp; Pellit: CY-8, CY-12 R\/C ja CY-15R<\/p>\n\n\n\n<figure class=\"wp-block-image size-large\"><img loading=\"lazy\" decoding=\"async\" width=\"1024\" height=\"576\" src=\"http:\/\/192.168.1.243\/wp-content\/uploads\/2023\/09\/roland-2-1024x576.jpg\" alt=\"\" class=\"wp-image-260\" srcset=\"http:\/\/www.snareman.fi\/wp-content\/uploads\/2023\/09\/roland-2-1024x576.jpg 1024w, http:\/\/www.snareman.fi\/wp-content\/uploads\/2023\/09\/roland-2-300x169.jpg 300w, http:\/\/www.snareman.fi\/wp-content\/uploads\/2023\/09\/roland-2-768x432.jpg 768w, http:\/\/www.snareman.fi\/wp-content\/uploads\/2023\/09\/roland-2-1536x864.jpg 1536w, http:\/\/www.snareman.fi\/wp-content\/uploads\/2023\/09\/roland-2-2048x1152.jpg 2048w, http:\/\/www.snareman.fi\/wp-content\/uploads\/2023\/09\/roland-2-990x556.jpg 990w, http:\/\/www.snareman.fi\/wp-content\/uploads\/2023\/09\/roland-2-1920x1080.jpg 1920w\" sizes=\"auto, (max-width: 1024px) 100vw, 1024px\" \/><\/figure>\n\n\n\n<p class=\"has-text-align-center\">Basari on mallia KD-10<\/p>\n\n\n\n<figure class=\"wp-block-image size-large\"><img loading=\"lazy\" decoding=\"async\" width=\"1024\" height=\"576\" src=\"http:\/\/192.168.1.243\/wp-content\/uploads\/2023\/09\/roland-3-1024x576.jpg\" alt=\"\" class=\"wp-image-261\" srcset=\"http:\/\/www.snareman.fi\/wp-content\/uploads\/2023\/09\/roland-3-1024x576.jpg 1024w, http:\/\/www.snareman.fi\/wp-content\/uploads\/2023\/09\/roland-3-300x169.jpg 300w, http:\/\/www.snareman.fi\/wp-content\/uploads\/2023\/09\/roland-3-768x432.jpg 768w, http:\/\/www.snareman.fi\/wp-content\/uploads\/2023\/09\/roland-3-1536x864.jpg 1536w, http:\/\/www.snareman.fi\/wp-content\/uploads\/2023\/09\/roland-3-2048x1152.jpg 2048w, http:\/\/www.snareman.fi\/wp-content\/uploads\/2023\/09\/roland-3-990x556.jpg 990w, http:\/\/www.snareman.fi\/wp-content\/uploads\/2023\/09\/roland-3-1920x1080.jpg 1920w\" sizes=\"auto, (max-width: 1024px) 100vw, 1024px\" \/><\/figure>\n\n\n\n<p class=\"has-text-align-center\">Keikkatilanteen etuja \u2013 kevyt laite ja helppo miksaus.<\/p>\n\n\n\n<p class=\"has-text-align-center\">S\u00e4hk\u00f6rummut on liitetty MIDI -liit\u00e4nn\u00e4n kautta Behringer UMC 4040HD B-stock audio interfaceen, joka on kiinni USB-liit\u00e4nn\u00e4n kautta Macbook Pro -tietokoneessa.&nbsp; &nbsp;Tietokoneessa on EZDrummer -ohjelma jonka \u00e4\u00e4nivalikoimaa hy\u00f6dynnet\u00e4\u00e4n. N\u00e4in saadaan monipuolisemmat ja laadukkaat rumpusoundit niin ett\u00e4 rumpujen oma keskusyksikk\u00f6 voidaan ohittaa.&nbsp;Tietokoneella on my\u00f6s LogicProX sekvensseriohjelma jolla voidaan tallentaa soittoa.<\/p>\n\n\n\n<p class=\"has-text-align-center\">\u2013&nbsp;<a style=\"color: #3366ff;\" href=\"http:\/\/snareman.fi\/drums.wav\">\u00c4\u00e4nin\u00e4yte1<\/a><\/p>\n\n\n\n<figure class=\"wp-block-embed is-type-video is-provider-youtube wp-block-embed-youtube\"><div class=\"wp-block-embed__wrapper\">\n<iframe loading=\"lazy\" title=\"Roland TD9 + EZDrummer demo\" width=\"990\" height=\"557\" src=\"https:\/\/www.youtube.com\/embed\/Hf0bj_S23FU?feature=oembed\" frameborder=\"0\" allow=\"accelerometer; autoplay; clipboard-write; encrypted-media; gyroscope; picture-in-picture; web-share\" referrerpolicy=\"strict-origin-when-cross-origin\" allowfullscreen><\/iframe>\n<\/div><\/figure>\n","protected":false},"excerpt":{"rendered":"<p>Roland S\u00e4hk\u00f6rumpusetti koostuu mesh -kalvollisista tomeista: PD-85 (3kpl) ja virveli PD-105 Keskusyksikk\u00f6 on Roland TD-9 (ver.2.0). Hihat: CY-5+FD-8&nbsp; Pellit: CY-8, CY-12 R\/C ja CY-15R Basari on mallia KD-10 Keikkatilanteen etuja <a class=\"read-more-link\" href=\"http:\/\/www.snareman.fi\/index.php\/soittaminen\/sahkorummut\/\">Read More<\/a><\/p>\n","protected":false},"author":1,"featured_media":0,"parent":21,"menu_order":2,"comment_status":"closed","ping_status":"closed","template":"","meta":{"ngg_post_thumbnail":0,"footnotes":""},"class_list":["post-98","page","type-page","status-publish","hentry"],"_links":{"self":[{"href":"http:\/\/www.snareman.fi\/index.php\/wp-json\/wp\/v2\/pages\/98","targetHints":{"allow":["GET"]}}],"collection":[{"href":"http:\/\/www.snareman.fi\/index.php\/wp-json\/wp\/v2\/pages"}],"about":[{"href":"http:\/\/www.snareman.fi\/index.php\/wp-json\/wp\/v2\/types\/page"}],"author":[{"embeddable":true,"href":"http:\/\/www.snareman.fi\/index.php\/wp-json\/wp\/v2\/users\/1"}],"replies":[{"embeddable":true,"href":"http:\/\/www.snareman.fi\/index.php\/wp-json\/wp\/v2\/comments?post=98"}],"version-history":[{"count":6,"href":"http:\/\/www.snareman.fi\/index.php\/wp-json\/wp\/v2\/pages\/98\/revisions"}],"predecessor-version":[{"id":712,"href":"http:\/\/www.snareman.fi\/index.php\/wp-json\/wp\/v2\/pages\/98\/revisions\/712"}],"up":[{"embeddable":true,"href":"http:\/\/www.snareman.fi\/index.php\/wp-json\/wp\/v2\/pages\/21"}],"wp:attachment":[{"href":"http:\/\/www.snareman.fi\/index.php\/wp-json\/wp\/v2\/media?parent=98"}],"curies":[{"name":"wp","href":"https:\/\/api.w.org\/{rel}","templated":true}]}}